{"id":2,"date":"2021-11-06T10:07:37","date_gmt":"2021-11-06T09:07:37","guid":{"rendered":"http:\/\/revolutionetservitude.eu\/?page_id=2"},"modified":"2022-01-02T00:36:57","modified_gmt":"2022-01-01T23:36:57","slug":"apropos","status":"publish","type":"page","link":"https:\/\/revolutionetservitude.eu\/index.php\/apropos\/","title":{"rendered":"A propos"},"content":{"rendered":"\n<p id=\"block-389a75a9-31c6-4849-ba99-f91533f8e3d0\"><br>Ce site a pour vocation d\u2019approfondir, de prolonger et de commenter la lecture de mon dernier ouvrage publi\u00e9 en 2020 aux Editions <a href=\"http:\/\/www.editionsmimesis.fr\/\">Mimesis<\/a>, et qui a pour titre :<\/p>\n\n\n\n<p class=\"has-text-align-center\" id=\"block-9e2fe76d-497d-449e-826c-334d87f2dadf\"><em><strong>R\u00e9volution et servitude<\/strong>,<br>L\u2019inconscient de la France<\/em><\/p>\n\n\n\n<hr class=\"wp-block-separator\"\/>\n\n\n\n<p><\/p>\n\n\n\n<p>Je suis consultant aupr\u00e8s d\u2019institutions en France et \u00e0 l\u2019international. Depuis de nombreuses ann\u00e9es, je travaille avec des entreprises dont l\u2019actionnariat est essentiellement familial. Mes travaux de recherche portent sur l\u2019inconscient des institutions en g\u00e9n\u00e9ral et concernent en particulier l\u2019entreprise, l\u2019entrepreneur, l\u2019influence de la technique, notamment du num\u00e9rique, sur notre \u00e9poque et dans les soci\u00e9t\u00e9s contemporaines. <\/p>\n\n\n\n<p>Avec <em>R\u00e9volution et servitude<\/em>, j&rsquo;\u00e9largis mon domaine de recherche \u00e0 l\u2019inconscient des nations et des cultures nationales qui, au fil de ma pratique, s&rsquo;est toujours manifest\u00e9 d&rsquo;une fa\u00e7on ou d&rsquo;une autre comme une dimension importante de toute institution.   <\/p>\n","protected":false},"excerpt":{"rendered":"<p>Ce site a pour vocation d\u2019approfondir, de prolonger et de commenter la lecture de mon dernier ouvrage publi\u00e9 en 2020 aux Editions Mimesis, et qui a pour titre : R\u00e9volution et servitude,L\u2019inconscient de la France Je suis consultant aupr\u00e8s d\u2019institutions en France et \u00e0 l\u2019international. Depuis de nombreuses ann\u00e9es, je travaille avec des entreprises dont [&hellip;]<\/p>\n","protected":false},"author":1,"featured_media":0,"parent":0,"menu_order":0,"comment_status":"closed","ping_status":"open","template":"","meta":[],"_links":{"self":[{"href":"https:\/\/revolutionetservitude.eu\/index.php\/wp-json\/wp\/v2\/pages\/2"}],"collection":[{"href":"https:\/\/revolutionetservitude.eu\/index.php\/wp-json\/wp\/v2\/pages"}],"about":[{"href":"https:\/\/revolutionetservitude.eu\/index.php\/wp-json\/wp\/v2\/types\/page"}],"author":[{"embeddable":true,"href":"https:\/\/revolutionetservitude.eu\/index.php\/wp-json\/wp\/v2\/users\/1"}],"replies":[{"embeddable":true,"href":"https:\/\/revolutionetservitude.eu\/index.php\/wp-json\/wp\/v2\/comments?post=2"}],"version-history":[{"count":17,"href":"https:\/\/revolutionetservitude.eu\/index.php\/wp-json\/wp\/v2\/pages\/2\/revisions"}],"predecessor-version":[{"id":165,"href":"https:\/\/revolutionetservitude.eu\/index.php\/wp-json\/wp\/v2\/pages\/2\/revisions\/165"}],"wp:attachment":[{"href":"https:\/\/revolutionetservitude.eu\/index.php\/wp-json\/wp\/v2\/media?parent=2"}],"curies":[{"name":"wp","href":"https:\/\/api.w.org\/{rel}","templated":true}]}}